{"id":7,"date":"2023-09-21T17:02:22","date_gmt":"2023-09-21T17:02:22","guid":{"rendered":"https:\/\/mkzkeja.pl\/?page_id=7"},"modified":"2024-07-05T23:48:34","modified_gmt":"2024-07-05T21:48:34","slug":"strona-glowna","status":"publish","type":"page","link":"https:\/\/mkzkeja.pl\/","title":{"rendered":"Mor\u0105ski Klub \u017beglarski &#8222;Keja&#8221;"},"content":{"rendered":"\n<div class=\"wp-block-cover alignfull is-light has-parallax\" style=\"min-height:500px;aspect-ratio:unset;\"><span aria-hidden=\"true\" class=\"wp-block-cover__background has-background-dim-80 has-background-dim\" style=\"background-color:#FFF\"><\/span><div class=\"wp-block-cover__image-background wp-image-453 has-parallax\" style=\"background-position:50% 50%;background-image:url(http:\/\/mkzkeja.pl\/wp-content\/uploads\/2024\/04\/370176010_279209698189728_8473381453714210142_n.jpg)\"><\/div><div class=\"wp-block-cover__inner-container is-layout-flow wp-block-cover-is-layout-flow\">\n<figure class=\"wp-block-pullquote has-text-align-center has-neve-text-color-color has-text-color\"><blockquote><p>Witamy na stronie Mor\u0105skiego Klubu \u017beglarskiego &#8222;Keja&#8221;<\/p><\/blockquote><\/figure>\n\n\n\n<p><\/p>\n\n\n\n<p class=\"has-text-align-center\">Zapraszamy do zapoznania si\u0119 z dzia\u0142alno\u015bci\u0105 naszego Klubu.<\/p>\n<\/div><\/div>\n\n\n\n<p><\/p>\n\n\n<div class=\"wp-block-image\">\n<figure class=\"aligncenter size-full\"><img loading=\"lazy\" decoding=\"async\" width=\"613\" height=\"909\" src=\"https:\/\/mkzkeja.pl\/wp-content\/uploads\/2024\/07\/image.png\" alt=\"\" class=\"wp-image-561\" srcset=\"https:\/\/mkzkeja.pl\/wp-content\/uploads\/2024\/07\/image.png 613w, https:\/\/mkzkeja.pl\/wp-content\/uploads\/2024\/07\/image-202x300.png 202w\" sizes=\"(max-width: 613px) 100vw, 613px\" \/><\/figure><\/div>\n\n\n<div style=\"height:100px\" aria-hidden=\"true\" class=\"wp-block-spacer\"><\/div>\n","protected":false},"excerpt":{"rendered":"","protected":false},"author":1,"featured_media":0,"parent":0,"menu_order":0,"comment_status":"closed","ping_status":"closed","template":"","meta":{"neve_meta_sidebar":"","neve_meta_container":"","neve_meta_enable_content_width":"on","neve_meta_content_width":100,"neve_meta_title_alignment":"","neve_meta_author_avatar":"","neve_post_elements_order":"","neve_meta_disable_header":"","neve_meta_disable_footer":"","neve_meta_disable_title":"on","_themeisle_gutenberg_block_has_review":false,"_ti_tpc_template_sync":false,"_ti_tpc_template_id":"","footnotes":""},"_links":{"self":[{"href":"https:\/\/mkzkeja.pl\/index.php?rest_route=\/wp\/v2\/pages\/7"}],"collection":[{"href":"https:\/\/mkzkeja.pl\/index.php?rest_route=\/wp\/v2\/pages"}],"about":[{"href":"https:\/\/mkzkeja.pl\/index.php?rest_route=\/wp\/v2\/types\/page"}],"author":[{"embeddable":true,"href":"https:\/\/mkzkeja.pl\/index.php?rest_route=\/wp\/v2\/users\/1"}],"replies":[{"embeddable":true,"href":"https:\/\/mkzkeja.pl\/index.php?rest_route=%2Fwp%2Fv2%2Fcomments&post=7"}],"version-history":[{"count":22,"href":"https:\/\/mkzkeja.pl\/index.php?rest_route=\/wp\/v2\/pages\/7\/revisions"}],"predecessor-version":[{"id":563,"href":"https:\/\/mkzkeja.pl\/index.php?rest_route=\/wp\/v2\/pages\/7\/revisions\/563"}],"wp:attachment":[{"href":"https:\/\/mkzkeja.pl\/index.php?rest_route=%2Fwp%2Fv2%2Fmedia&parent=7"}],"curies":[{"name":"wp","href":"https:\/\/api.w.org\/{rel}","templated":true}]}}