{"id":424,"date":"2024-04-22T23:05:59","date_gmt":"2024-04-22T21:05:59","guid":{"rendered":"https:\/\/mkzkeja.pl\/?page_id=424"},"modified":"2024-07-05T02:13:54","modified_gmt":"2024-07-05T00:13:54","slug":"mazurska-liga-zeglarska","status":"publish","type":"page","link":"https:\/\/mkzkeja.pl\/?page_id=424","title":{"rendered":"Mazurska Liga \u017beglarska"},"content":{"rendered":"\n<p>Mazurska Liga \u017beglarska to cykl regat rozgrywanych od 2022 roku, kt\u00f3rych to gospodarzem jest Mor\u0105ski Klub \u017beglarski Keja. Serdecznie zapraszamy do zapoznania si\u0119 ze szczeg\u00f3\u0142ami tej inicjatywy pod <a href=\"http:\/\/mazurskaligazeglarska.pl\" data-type=\"link\" data-id=\"http:\/\/mazurskaligazeglarska.pl\">tym linkiem<\/a>.<\/p>\n\n\n<div class=\"wp-block-image\">\n<figure class=\"aligncenter size-large\"><a href=\"http:\/\/mazurskaligazeglarska.pl\"><img loading=\"lazy\" decoding=\"async\" width=\"1024\" height=\"1024\" src=\"http:\/\/mkzkeja.pl\/wp-content\/uploads\/2024\/04\/MazurskaLigaZeglarska_logo-1-1024x1024.jpg\" alt=\"\" class=\"wp-image-495\" srcset=\"https:\/\/mkzkeja.pl\/wp-content\/uploads\/2024\/04\/MazurskaLigaZeglarska_logo-1-1024x1024.jpg 1024w, https:\/\/mkzkeja.pl\/wp-content\/uploads\/2024\/04\/MazurskaLigaZeglarska_logo-1-300x300.jpg 300w, https:\/\/mkzkeja.pl\/wp-content\/uploads\/2024\/04\/MazurskaLigaZeglarska_logo-1-150x150.jpg 150w, https:\/\/mkzkeja.pl\/wp-content\/uploads\/2024\/04\/MazurskaLigaZeglarska_logo-1-768x768.jpg 768w, https:\/\/mkzkeja.pl\/wp-content\/uploads\/2024\/04\/MazurskaLigaZeglarska_logo-1.jpg 1305w\" sizes=\"(max-width: 1024px) 100vw, 1024px\" \/><\/a><\/figure><\/div>","protected":false},"excerpt":{"rendered":"<p>Mazurska Liga \u017beglarska to cykl regat rozgrywanych od 2022 roku, kt\u00f3rych to gospodarzem jest Mor\u0105ski Klub \u017beglarski Keja. Serdecznie zapraszamy do zapoznania si\u0119 ze szczeg\u00f3\u0142ami tej inicjatywy pod tym linkiem.<\/p>\n","protected":false},"author":1,"featured_media":0,"parent":0,"menu_order":0,"comment_status":"closed","ping_status":"closed","template":"page-templates\/template-pagebuilder-full-width.php","meta":{"neve_meta_sidebar":"","neve_meta_container":"","neve_meta_enable_content_width":"","neve_meta_content_width":0,"neve_meta_title_alignment":"","neve_meta_author_avatar":"","neve_post_elements_order":"","neve_meta_disable_header":"","neve_meta_disable_footer":"","neve_meta_disable_title":"","_themeisle_gutenberg_block_has_review":false,"_ti_tpc_template_sync":false,"_ti_tpc_template_id":"","footnotes":""},"_links":{"self":[{"href":"https:\/\/mkzkeja.pl\/index.php?rest_route=\/wp\/v2\/pages\/424"}],"collection":[{"href":"https:\/\/mkzkeja.pl\/index.php?rest_route=\/wp\/v2\/pages"}],"about":[{"href":"https:\/\/mkzkeja.pl\/index.php?rest_route=\/wp\/v2\/types\/page"}],"author":[{"embeddable":true,"href":"https:\/\/mkzkeja.pl\/index.php?rest_route=\/wp\/v2\/users\/1"}],"replies":[{"embeddable":true,"href":"https:\/\/mkzkeja.pl\/index.php?rest_route=%2Fwp%2Fv2%2Fcomments&post=424"}],"version-history":[{"count":3,"href":"https:\/\/mkzkeja.pl\/index.php?rest_route=\/wp\/v2\/pages\/424\/revisions"}],"predecessor-version":[{"id":559,"href":"https:\/\/mkzkeja.pl\/index.php?rest_route=\/wp\/v2\/pages\/424\/revisions\/559"}],"wp:attachment":[{"href":"https:\/\/mkzkeja.pl\/index.php?rest_route=%2Fwp%2Fv2%2Fmedia&parent=424"}],"curies":[{"name":"wp","href":"https:\/\/api.w.org\/{rel}","templated":true}]}}