{"id":395,"date":"2024-04-22T23:02:18","date_gmt":"2024-04-22T21:02:18","guid":{"rendered":"https:\/\/mkzkeja.pl\/?page_id=395"},"modified":"2024-04-23T01:55:59","modified_gmt":"2024-04-22T23:55:59","slug":"wyniki-sezon-2024","status":"publish","type":"page","link":"https:\/\/mkzkeja.pl\/?page_id=395","title":{"rendered":"Wyniki &#8211; sezon 2024"},"content":{"rendered":"\n<p>Strona w budowie. Ju\u017c wkr\u00f3tce b\u0119dzie dost\u0119pna&#8230;<\/p>\n","protected":false},"excerpt":{"rendered":"<p>Strona w budowie. Ju\u017c wkr\u00f3tce b\u0119dzie dost\u0119pna&#8230;<\/p>\n","protected":false},"author":1,"featured_media":0,"parent":0,"menu_order":0,"comment_status":"closed","ping_status":"closed","template":"","meta":{"neve_meta_sidebar":"","neve_meta_container":"","neve_meta_enable_content_width":"","neve_meta_content_width":0,"neve_meta_title_alignment":"","neve_meta_author_avatar":"","neve_post_elements_order":"","neve_meta_disable_header":"","neve_meta_disable_footer":"","neve_meta_disable_title":"","_themeisle_gutenberg_block_has_review":false,"_ti_tpc_template_sync":false,"_ti_tpc_template_id":"","footnotes":""},"_links":{"self":[{"href":"https:\/\/mkzkeja.pl\/index.php?rest_route=\/wp\/v2\/pages\/395"}],"collection":[{"href":"https:\/\/mkzkeja.pl\/index.php?rest_route=\/wp\/v2\/pages"}],"about":[{"href":"https:\/\/mkzkeja.pl\/index.php?rest_route=\/wp\/v2\/types\/page"}],"author":[{"embeddable":true,"href":"https:\/\/mkzkeja.pl\/index.php?rest_route=\/wp\/v2\/users\/1"}],"replies":[{"embeddable":true,"href":"https:\/\/mkzkeja.pl\/index.php?rest_route=%2Fwp%2Fv2%2Fcomments&post=395"}],"version-history":[{"count":2,"href":"https:\/\/mkzkeja.pl\/index.php?rest_route=\/wp\/v2\/pages\/395\/revisions"}],"predecessor-version":[{"id":513,"href":"https:\/\/mkzkeja.pl\/index.php?rest_route=\/wp\/v2\/pages\/395\/revisions\/513"}],"wp:attachment":[{"href":"https:\/\/mkzkeja.pl\/index.php?rest_route=%2Fwp%2Fv2%2Fmedia&parent=395"}],"curies":[{"name":"wp","href":"https:\/\/api.w.org\/{rel}","templated":true}]}}