{"id":394,"date":"2024-04-22T23:02:18","date_gmt":"2024-04-22T21:02:18","guid":{"rendered":"https:\/\/mkzkeja.pl\/?page_id=394"},"modified":"2024-04-22T23:21:04","modified_gmt":"2024-04-22T21:21:04","slug":"kalendarz-regat","status":"publish","type":"page","link":"https:\/\/mkzkeja.pl\/?page_id=394","title":{"rendered":"Kalendarz regat"},"content":{"rendered":"<div class=\"wp-block-image\">\n<figure class=\"aligncenter size-large\"><img loading=\"lazy\" decoding=\"async\" width=\"1024\" height=\"683\" src=\"https:\/\/mkzkeja.pl\/wp-content\/uploads\/2024\/04\/428241530_882504147218845_8224517425320540576_n-1024x683.jpg\" alt=\"\" class=\"wp-image-432\" srcset=\"https:\/\/mkzkeja.pl\/wp-content\/uploads\/2024\/04\/428241530_882504147218845_8224517425320540576_n-1024x683.jpg 1024w, https:\/\/mkzkeja.pl\/wp-content\/uploads\/2024\/04\/428241530_882504147218845_8224517425320540576_n-300x200.jpg 300w, https:\/\/mkzkeja.pl\/wp-content\/uploads\/2024\/04\/428241530_882504147218845_8224517425320540576_n-768x512.jpg 768w, https:\/\/mkzkeja.pl\/wp-content\/uploads\/2024\/04\/428241530_882504147218845_8224517425320540576_n-1536x1024.jpg 1536w, https:\/\/mkzkeja.pl\/wp-content\/uploads\/2024\/04\/428241530_882504147218845_8224517425320540576_n-930x620.jpg 930w, https:\/\/mkzkeja.pl\/wp-content\/uploads\/2024\/04\/428241530_882504147218845_8224517425320540576_n.jpg 1635w\" sizes=\"(max-width: 1024px) 100vw, 1024px\" \/><\/figure><\/div>\n\n\n<ul>\n<li>27-28.04 &#8211; Otwarcie Sezonu 2024<\/li>\n\n\n\n<li>08-09.06 &#8211; Wielkie regaty dooko\u0142a jeziora Narie<\/li>\n\n\n\n<li>27-28.07 &#8211; XXX B\u0142\u0119kitna Wst\u0119ga Jeziora Narie<\/li>\n\n\n\n<li>05-06.10 &#8211; Regaty o Puchar Komandora Mor\u0105skiego Klubu \u017beglarskiego Keja<\/li>\n<\/ul>\n\n\n\n<p class=\"has-text-align-center\">Jednocze\u015bnie przypominamy o terminarzu zmaga\u0144 ligowych &#8211; <strong>Mazurska Liga \u017beglarska<\/strong>!<\/p>\n\n\n\n<p class=\"has-text-align-center\">11-12.05 | 23.06 | 07.07 | 04.08 | 08.09 | 13.10<\/p>\n","protected":false},"excerpt":{"rendered":"<p>Jednocze\u015bnie przypominamy o terminarzu zmaga\u0144 ligowych &#8211; Mazurska Liga \u017beglarska! 11-12.05 | 23.06 | 07.07 | 04.08 | 08.09 | 13.10<\/p>\n","protected":false},"author":1,"featured_media":0,"parent":0,"menu_order":0,"comment_status":"closed","ping_status":"closed","template":"","meta":{"neve_meta_sidebar":"","neve_meta_container":"","neve_meta_enable_content_width":"","neve_meta_content_width":0,"neve_meta_title_alignment":"left","neve_meta_author_avatar":"","neve_post_elements_order":"","neve_meta_disable_header":"","neve_meta_disable_footer":"","neve_meta_disable_title":"","_themeisle_gutenberg_block_has_review":false,"_ti_tpc_template_sync":false,"_ti_tpc_template_id":"","footnotes":""},"_links":{"self":[{"href":"https:\/\/mkzkeja.pl\/index.php?rest_route=\/wp\/v2\/pages\/394"}],"collection":[{"href":"https:\/\/mkzkeja.pl\/index.php?rest_route=\/wp\/v2\/pages"}],"about":[{"href":"https:\/\/mkzkeja.pl\/index.php?rest_route=\/wp\/v2\/types\/page"}],"author":[{"embeddable":true,"href":"https:\/\/mkzkeja.pl\/index.php?rest_route=\/wp\/v2\/users\/1"}],"replies":[{"embeddable":true,"href":"https:\/\/mkzkeja.pl\/index.php?rest_route=%2Fwp%2Fv2%2Fcomments&post=394"}],"version-history":[{"count":4,"href":"https:\/\/mkzkeja.pl\/index.php?rest_route=\/wp\/v2\/pages\/394\/revisions"}],"predecessor-version":[{"id":436,"href":"https:\/\/mkzkeja.pl\/index.php?rest_route=\/wp\/v2\/pages\/394\/revisions\/436"}],"wp:attachment":[{"href":"https:\/\/mkzkeja.pl\/index.php?rest_route=%2Fwp%2Fv2%2Fmedia&parent=394"}],"curies":[{"name":"wp","href":"https:\/\/api.w.org\/{rel}","templated":true}]}}