{"id":378,"date":"2024-04-22T22:49:53","date_gmt":"2024-04-22T20:49:53","guid":{"rendered":"https:\/\/mkzkeja.pl\/?page_id=378"},"modified":"2024-07-28T23:36:31","modified_gmt":"2024-07-28T21:36:31","slug":"edukacja","status":"publish","type":"page","link":"https:\/\/mkzkeja.pl\/?page_id=378","title":{"rendered":"Zaj\u0119cia \u017ceglarskie dla dzieci"},"content":{"rendered":"\n<p><br>Zapraszamy do udzia\u0142u w zaj\u0119ciach \u017ceglarskich dla dzieci w wieku 7-12 lat,w sezonie wakacyjnym 2024 na \u017cagl\u00f3wkach typu Optymist. Zaj\u0119cia \u017ceglarskie to forma aktywnego wypoczynku, kt\u00f3ra \u0142\u0105czy nauk\u0119 \u017ceglowania z zabaw\u0105. Dzieci uczestnicz\u0105 w zaj\u0119ciach teoretycznych i praktycznych, ucz\u0105c si\u0119 technik \u017ceglowania oraz zasad bezpiecznego zachowania na wodzie. Rozwijaj\u0105 i rozbudzaj\u0105 swoje pasje poprawiaj\u0105 kondycj\u0119. Od poniedzia\u0142ku do pi\u0105tku zapewnimy Pa\u0144stwa dzieciom w godzinach 8:00 &#8211; 16:00 du\u017c\u0105 dawk\u0119 wiedzy oraz wspania\u0142\u0105 zabaw\u0119, kt\u00f3ra kryje wiele walor\u00f3w edukacyjnych. Miejsce zaj\u0119\u0107 Przysta\u0144 \u017beglarska przy MK\u017b Keja w Bogaczewie .&nbsp;<br>Wi\u0119cej informacji pod numerem 516066321<br><\/p>\n\n\n\n<p>Terminy :<br>01-06 lipiec 2024<br>08-12 lipiec 2024 brak miejsc&nbsp;<br>15-19 lipiec 2024<br>22-26 lipiec 2024<\/p>\n\n\n\n<p>05-09 sierpie\u0144 2024<br>12-16 sierpie\u0144 2024<br>19-23 sierpie\u0144 2024<br>26-30 sierpie\u0144 2024<\/p>\n\n\n\n<div data-wp-interactive=\"core\/file\" class=\"wp-block-file\"><object data-wp-bind--hidden=\"!state.hasPdfPreview\"  class=\"wp-block-file__embed\" data=\"https:\/\/mkzkeja.pl\/wp-content\/uploads\/2024\/07\/regulamin_zajec_zeglarskich_MKZKEJA.pdf\" type=\"application\/pdf\" style=\"width:100%;height:600px\" aria-label=\"Osadzone z regulamin_zajec_zeglarskich_MKZKEJA.\"><\/object><a id=\"wp-block-file--media-c402073c-6193-428b-afe1-8ba3cc83a026\" href=\"https:\/\/mkzkeja.pl\/wp-content\/uploads\/2024\/07\/regulamin_zajec_zeglarskich_MKZKEJA.pdf\">regulamin_zajec_zeglarskich_MKZKEJA<\/a><a href=\"https:\/\/mkzkeja.pl\/wp-content\/uploads\/2024\/07\/regulamin_zajec_zeglarskich_MKZKEJA.pdf\" class=\"wp-block-file__button wp-element-button\" download aria-describedby=\"wp-block-file--media-c402073c-6193-428b-afe1-8ba3cc83a026\">Pobierz<\/a><\/div>\n\n\n\n<div data-wp-interactive=\"core\/file\" class=\"wp-block-file\"><object data-wp-bind--hidden=\"!state.hasPdfPreview\"  class=\"wp-block-file__embed\" data=\"https:\/\/mkzkeja.pl\/wp-content\/uploads\/2024\/07\/OSWIADCZENIE-ZGODA-RODZICA.pdf\" type=\"application\/pdf\" style=\"width:100%;height:600px\" aria-label=\"Osadzone z OSWIADCZENIE-ZGODA-RODZICA.\"><\/object><a id=\"wp-block-file--media-7d14d980-b22f-4cd4-8fd2-2b02e2b7a30b\" href=\"https:\/\/mkzkeja.pl\/wp-content\/uploads\/2024\/07\/OSWIADCZENIE-ZGODA-RODZICA.pdf\">OSWIADCZENIE-ZGODA-RODZICA<\/a><a href=\"https:\/\/mkzkeja.pl\/wp-content\/uploads\/2024\/07\/OSWIADCZENIE-ZGODA-RODZICA.pdf\" class=\"wp-block-file__button wp-element-button\" download aria-describedby=\"wp-block-file--media-7d14d980-b22f-4cd4-8fd2-2b02e2b7a30b\">Pobierz<\/a><\/div>\n\n\n\n<div data-wp-interactive=\"core\/file\" class=\"wp-block-file\"><object data-wp-bind--hidden=\"!state.hasPdfPreview\"  class=\"wp-block-file__embed\" data=\"https:\/\/mkzkeja.pl\/wp-content\/uploads\/2024\/07\/Ramowy-program-dnia.pdf\" type=\"application\/pdf\" style=\"width:100%;height:600px\" aria-label=\"Osadzone z Ramowy-program-dnia.\"><\/object><a id=\"wp-block-file--media-a78645a2-2f72-4f51-a8f6-fc5d977a631c\" href=\"https:\/\/mkzkeja.pl\/wp-content\/uploads\/2024\/07\/Ramowy-program-dnia.pdf\">Ramowy-program-dnia<\/a><a href=\"https:\/\/mkzkeja.pl\/wp-content\/uploads\/2024\/07\/Ramowy-program-dnia.pdf\" class=\"wp-block-file__button wp-element-button\" download aria-describedby=\"wp-block-file--media-a78645a2-2f72-4f51-a8f6-fc5d977a631c\">Pobierz<\/a><\/div>\n\n\n\n<div data-wp-interactive=\"core\/file\" class=\"wp-block-file\"><object data-wp-bind--hidden=\"!state.hasPdfPreview\"  class=\"wp-block-file__embed\" data=\"https:\/\/mkzkeja.pl\/wp-content\/uploads\/2024\/07\/NIEZBEDNIK-MALEGO-ZEGLARZA.pdf\" type=\"application\/pdf\" style=\"width:100%;height:600px\" aria-label=\"Osadzone z NIEZBEDNIK-MALEGO-ZEGLARZA.\"><\/object><a id=\"wp-block-file--media-5cba8fab-bb3b-4d1b-99ad-4411ae120eb5\" href=\"https:\/\/mkzkeja.pl\/wp-content\/uploads\/2024\/07\/NIEZBEDNIK-MALEGO-ZEGLARZA.pdf\">NIEZBEDNIK-MALEGO-ZEGLARZA<\/a><a href=\"https:\/\/mkzkeja.pl\/wp-content\/uploads\/2024\/07\/NIEZBEDNIK-MALEGO-ZEGLARZA.pdf\" class=\"wp-block-file__button wp-element-button\" download aria-describedby=\"wp-block-file--media-5cba8fab-bb3b-4d1b-99ad-4411ae120eb5\">Pobierz<\/a><\/div>\n\n\n\n<div data-wp-interactive=\"core\/file\" class=\"wp-block-file\"><object data-wp-bind--hidden=\"!state.hasPdfPreview\"  class=\"wp-block-file__embed\" data=\"https:\/\/mkzkeja.pl\/wp-content\/uploads\/2024\/07\/Karta_Kwalifikacyjna.pdf\" type=\"application\/pdf\" style=\"width:100%;height:600px\" aria-label=\"Osadzone z Karta_Kwalifikacyjna.\"><\/object><a id=\"wp-block-file--media-fb91dd00-16ac-4883-a55c-76cc8b9dad12\" href=\"https:\/\/mkzkeja.pl\/wp-content\/uploads\/2024\/07\/Karta_Kwalifikacyjna.pdf\">Karta_Kwalifikacyjna<\/a><a href=\"https:\/\/mkzkeja.pl\/wp-content\/uploads\/2024\/07\/Karta_Kwalifikacyjna.pdf\" class=\"wp-block-file__button wp-element-button\" download aria-describedby=\"wp-block-file--media-fb91dd00-16ac-4883-a55c-76cc8b9dad12\">Pobierz<\/a><\/div>\n","protected":false},"excerpt":{"rendered":"<p>Zapraszamy do udzia\u0142u w zaj\u0119ciach \u017ceglarskich dla dzieci w wieku 7-12 lat,w sezonie wakacyjnym 2024 na \u017cagl\u00f3wkach typu Optymist. Zaj\u0119cia \u017ceglarskie to forma aktywnego wypoczynku, kt\u00f3ra \u0142\u0105czy nauk\u0119 \u017ceglowania z zabaw\u0105. Dzieci uczestnicz\u0105 w zaj\u0119ciach teoretycznych i praktycznych, ucz\u0105c si\u0119 technik \u017ceglowania oraz zasad bezpiecznego zachowania na wodzie. Rozwijaj\u0105 i rozbudzaj\u0105 swoje pasje poprawiaj\u0105 kondycj\u0119.&hellip;&nbsp;<a href=\"https:\/\/mkzkeja.pl\/?page_id=378\" class=\"\" rel=\"bookmark\">Dowiedz si\u0119 wi\u0119cej &raquo;<span class=\"screen-reader-text\">Zaj\u0119cia \u017ceglarskie dla dzieci<\/span><\/a><\/p>\n","protected":false},"author":1,"featured_media":0,"parent":0,"menu_order":0,"comment_status":"closed","ping_status":"closed","template":"","meta":{"neve_meta_sidebar":"","neve_meta_container":"","neve_meta_enable_content_width":"","neve_meta_content_width":0,"neve_meta_title_alignment":"","neve_meta_author_avatar":"","neve_post_elements_order":"","neve_meta_disable_header":"","neve_meta_disable_footer":"","neve_meta_disable_title":"","_themeisle_gutenberg_block_has_review":false,"_ti_tpc_template_sync":false,"_ti_tpc_template_id":"","footnotes":""},"_links":{"self":[{"href":"https:\/\/mkzkeja.pl\/index.php?rest_route=\/wp\/v2\/pages\/378"}],"collection":[{"href":"https:\/\/mkzkeja.pl\/index.php?rest_route=\/wp\/v2\/pages"}],"about":[{"href":"https:\/\/mkzkeja.pl\/index.php?rest_route=\/wp\/v2\/types\/page"}],"author":[{"embeddable":true,"href":"https:\/\/mkzkeja.pl\/index.php?rest_route=\/wp\/v2\/users\/1"}],"replies":[{"embeddable":true,"href":"https:\/\/mkzkeja.pl\/index.php?rest_route=%2Fwp%2Fv2%2Fcomments&post=378"}],"version-history":[{"count":7,"href":"https:\/\/mkzkeja.pl\/index.php?rest_route=\/wp\/v2\/pages\/378\/revisions"}],"predecessor-version":[{"id":568,"href":"https:\/\/mkzkeja.pl\/index.php?rest_route=\/wp\/v2\/pages\/378\/revisions\/568"}],"wp:attachment":[{"href":"https:\/\/mkzkeja.pl\/index.php?rest_route=%2Fwp%2Fv2%2Fmedia&parent=378"}],"curies":[{"name":"wp","href":"https:\/\/api.w.org\/{rel}","templated":true}]}}