{"id":366,"date":"2024-04-22T22:15:38","date_gmt":"2024-04-22T20:15:38","guid":{"rendered":"https:\/\/mkzkeja.pl\/?page_id=366"},"modified":"2024-04-23T01:53:34","modified_gmt":"2024-04-22T23:53:34","slug":"o-klubie","status":"publish","type":"page","link":"https:\/\/mkzkeja.pl\/?page_id=366","title":{"rendered":"O klubie"},"content":{"rendered":"\n<p>Strona w budowie. Ju\u017c wkr\u00f3tce b\u0119dzie dost\u0119pna&#8230;<\/p>\n","protected":false},"excerpt":{"rendered":"<p>Strona w budowie. Ju\u017c wkr\u00f3tce b\u0119dzie dost\u0119pna&#8230;<\/p>\n","protected":false},"author":1,"featured_media":0,"parent":0,"menu_order":0,"comment_status":"closed","ping_status":"closed","template":"","meta":{"neve_meta_sidebar":"","neve_meta_container":"","neve_meta_enable_content_width":"","neve_meta_content_width":0,"neve_meta_title_alignment":"","neve_meta_author_avatar":"","neve_post_elements_order":"","neve_meta_disable_header":"","neve_meta_disable_footer":"","neve_meta_disable_title":"","_themeisle_gutenberg_block_has_review":false,"_ti_tpc_template_sync":false,"_ti_tpc_template_id":"","footnotes":""},"_links":{"self":[{"href":"https:\/\/mkzkeja.pl\/index.php?rest_route=\/wp\/v2\/pages\/366"}],"collection":[{"href":"https:\/\/mkzkeja.pl\/index.php?rest_route=\/wp\/v2\/pages"}],"about":[{"href":"https:\/\/mkzkeja.pl\/index.php?rest_route=\/wp\/v2\/types\/page"}],"author":[{"embeddable":true,"href":"https:\/\/mkzkeja.pl\/index.php?rest_route=\/wp\/v2\/users\/1"}],"replies":[{"embeddable":true,"href":"https:\/\/mkzkeja.pl\/index.php?rest_route=%2Fwp%2Fv2%2Fcomments&post=366"}],"version-history":[{"count":2,"href":"https:\/\/mkzkeja.pl\/index.php?rest_route=\/wp\/v2\/pages\/366\/revisions"}],"predecessor-version":[{"id":506,"href":"https:\/\/mkzkeja.pl\/index.php?rest_route=\/wp\/v2\/pages\/366\/revisions\/506"}],"wp:attachment":[{"href":"https:\/\/mkzkeja.pl\/index.php?rest_route=%2Fwp%2Fv2%2Fmedia&parent=366"}],"curies":[{"name":"wp","href":"https:\/\/api.w.org\/{rel}","templated":true}]}}